{"id":311,"date":"2024-01-29T14:10:38","date_gmt":"2024-01-29T13:10:38","guid":{"rendered":"https:\/\/www.augenarzt-geithain.de\/?page_id=311"},"modified":"2026-02-12T21:43:56","modified_gmt":"2026-02-12T19:43:56","slug":"jeder-kann-kommen","status":"publish","type":"page","link":"https:\/\/www.augenarzt-geithain.de\/site\/?page_id=311","title":{"rendered":"Jeder kann zu uns kommen"},"content":{"rendered":"\n<p>Jeder Patient, egal ob gesetzlich oder privat versichert, ist bei uns willkommen.<br><br>Untersuchung und Behandlung sind dabei im Anschlu\u00df selbst zu zahlen.<\/p>\n\n\n\n<p>Die Berechnung des Honorars erfolgt auf Basis der <a href=\"https:\/\/www.bundesgesundheitsministerium.de\/service\/begriffe-von-a-z\/g\/gebuehrenordnung-fuer-aerzte-und-zahnaerzte.html\" target=\"_blank\" rel=\"noreferrer noopener\">Geb\u00fchrenordnung f\u00fcr \u00c4rzte (GO\u00c4). <\/a><br><br><\/p>\n\n\n\n<p>Sie erhalten nach der Konsultation eine detailierte Rechnung, die Zahlung ist Bar, mit ec- oder Kreditkarte m\u00f6glich. <\/p>\n\n\n\n<p>Privat versicherte Patienten k\u00f6nnen dann die Rechnungen bei Ihrer  Versicherung einreichen, der Erstattungsumfang h\u00e4ngt von Ihrem dort vereinbartem Tarif ab.<br><br><\/p>\n\n\n\n<p><\/p>\n\n\n\n<p>Bitte beachten Sie, da\u00df wir eine <strong>Bestellpraxis<\/strong> sind und mit vereinbarten Terminen arbeiten (ausgenommen Notf\u00e4lle). <\/p>\n\n\n\n<p>Bitte kommen Sie p\u00fcnktlich zum vereinbarten Termin und bringen Sie Ihre Krankenversicherungs-Chipkarte mit. (das spart jede Menge Zeit und Tipparbeit &#8211; abrechnen k\u00f6nnen wir \u00fcber Chipkarten nichts)<\/p>\n\n\n\n<p>Falls vorhanden, packen Sie bitte auch Brillen\/Kontaktlinsen und Medikamentenplan ein. <\/p>\n\n\n\n<p> &nbsp;<\/p>\n\n\n\n<hr class=\"wp-block-separator has-alpha-channel-opacity is-style-dots\" style=\"margin-top:var(--wp--preset--spacing--30);margin-bottom:var(--wp--preset--spacing--30)\"\/>\n\n\n<nav class=\"wp-block-navigation is-layout-flex wp-container-core-navigation-is-layout-bd34a22a wp-block-navigation-is-layout-flex\" aria-label=\"Footer-Navigation gesetzlich versichert\"><ul class=\"wp-block-navigation__container  wp-block-navigation\"><li class=\" wp-block-navigation-item is-style-arrow-link wp-block-navigation-link has-small-font-size\"><a class=\"wp-block-navigation-item__content\"  href=\"https:\/\/www.augenarzt-geithain.de\/?page_id=324\" title=\"Ihr Vorteil\"><span class=\"wp-block-navigation-item__label\">Ihr Vorteil<\/span><span class=\"wp-block-navigation-item__description\">Ihr Vorteil<\/span><\/a><\/li><li class=\" wp-block-navigation-item is-style-arrow-link wp-block-navigation-link has-small-font-size\"><a class=\"wp-block-navigation-item__content\"  href=\"https:\/\/www.augenarzt-geithain.de\" title=\"zur Startseite\"><span class=\"wp-block-navigation-item__label\">Startseite<\/span><\/a><\/li><\/ul><\/nav>","protected":false},"excerpt":{"rendered":"<p>Jeder Patient, egal ob gesetzlich oder privat versichert, ist bei uns willkommen. Untersuchung und Behandlung sind dabei im Anschlu\u00df selbst zu zahlen. Die Berechnung des Honorars erfolgt auf Basis der Geb\u00fchrenordnung f\u00fcr \u00c4rzte (GO\u00c4). Sie erhalten nach der Konsultation eine detailierte Rechnung, die Zahlung ist Bar, mit ec- oder Kreditkarte m\u00f6glich. Privat versicherte Patienten k\u00f6nnen [&hellip;]<\/p>\n","protected":false},"author":2,"featured_media":0,"parent":0,"menu_order":0,"comment_status":"closed","ping_status":"closed","template":"","meta":{"footnotes":""},"class_list":["post-311","page","type-page","status-publish","hentry"],"_links":{"self":[{"href":"https:\/\/www.augenarzt-geithain.de\/site\/index.php?rest_route=\/wp\/v2\/pages\/311","targetHints":{"allow":["GET"]}}],"collection":[{"href":"https:\/\/www.augenarzt-geithain.de\/site\/index.php?rest_route=\/wp\/v2\/pages"}],"about":[{"href":"https:\/\/www.augenarzt-geithain.de\/site\/index.php?rest_route=\/wp\/v2\/types\/page"}],"author":[{"embeddable":true,"href":"https:\/\/www.augenarzt-geithain.de\/site\/index.php?rest_route=\/wp\/v2\/users\/2"}],"replies":[{"embeddable":true,"href":"https:\/\/www.augenarzt-geithain.de\/site\/index.php?rest_route=%2Fwp%2Fv2%2Fcomments&post=311"}],"version-history":[{"count":25,"href":"https:\/\/www.augenarzt-geithain.de\/site\/index.php?rest_route=\/wp\/v2\/pages\/311\/revisions"}],"predecessor-version":[{"id":1208,"href":"https:\/\/www.augenarzt-geithain.de\/site\/index.php?rest_route=\/wp\/v2\/pages\/311\/revisions\/1208"}],"wp:attachment":[{"href":"https:\/\/www.augenarzt-geithain.de\/site\/index.php?rest_route=%2Fwp%2Fv2%2Fmedia&parent=311"}],"curies":[{"name":"wp","href":"https:\/\/api.w.org\/{rel}","templated":true}]}}