{"id":3,"date":"2024-01-21T20:41:25","date_gmt":"2024-01-21T20:41:25","guid":{"rendered":"http:\/\/www.augenarzt-geithain.de\/?page_id=3"},"modified":"2025-01-01T17:39:18","modified_gmt":"2025-01-01T15:39:18","slug":"impressum","status":"publish","type":"page","link":"https:\/\/www.augenarzt-geithain.de\/site\/?page_id=3","title":{"rendered":"Impressum"},"content":{"rendered":"\n<div style=\"height:50px\" aria-hidden=\"true\" class=\"wp-block-spacer\"><\/div>\n\n\n\n<h2 class=\"wp-block-heading\"><strong>Wer wir sind<\/strong><\/h2>\n\n\n\n<p>Privatpraxis f\u00fcr Augenheilkunde<br>Christoph M\u00fcnzenberg &amp; Team<br>Robert-Koch-Str. 8<br>04643 Geithain<br>Tel. 034341-41405<br>Fax. 034341-41410<br>info[at]augenarzt-geithain.de<br><br>Berufsbezeichnung: Christoph M\u00fcnzenberg, Facharzt f\u00fcr Augenheilkunde<br>Die Berufsbezeichnung wurde in Deutschland verliehen.<br><br>Zust\u00e4ndige Kammer und Aufsichtsbeh\u00f6rde:&nbsp;<a href=\"https:\/\/www.slaek.de\/\" target=\"_blank\" rel=\"noreferrer noopener\">S\u00e4chsische Landes\u00e4rztekammer<\/a>, Sch\u00fctzenh\u00f6he 16, 01099 Dresden; Telefon 0351 8267-0, Fax 0351 8267-412<br>Berufsordnung:&nbsp;<a href=\"https:\/\/www.slaek.de\/de\/ueber-uns\/aufgaben\/berufsrecht\/berufsordnung.php\" target=\"_blank\" rel=\"noreferrer noopener\">Berufsordnung der S\u00e4chsischen Landes\u00e4rztekammer<\/a><br>Steuernummer: 238\/251\/10259 Finanzamt Grimma<br><br>inhaltlich Verantwortlicher gem\u00e4\u00df \u00a7 55 Abs. 2 RStV: Christoph M\u00fcnzenberg (Anschrift wie oben)<br><\/p>\n\n\n\n<div style=\"height:50px\" aria-hidden=\"true\" class=\"wp-block-spacer\"><\/div>\n\n\n\n<h2 class=\"wp-block-heading\"><strong>Urheberrecht<\/strong><\/h2>\n\n\n\n<p>Die Inhalte unseres Internetauftrittes unterliegen dem Urheberrecht, d.h. eine Verwendung oder Verwertung auch von Teilen dieser Seite einschliesslich Grafiken\/Fotos ohne Zustimmung ist rechtswidrig und kann Schadensersatzanspr\u00fcche nach sich ziehen. Die Verwendung unserer Kontaktdaten zu Werbezwecken, insbesondere die unerlaubte Zustellung unaufgeforderter Werbung auf s\u00e4mtlichen Wegen ist untersagt, rechtliche Schritte behalten wir uns in diesem Fall vor.&nbsp;<br><br>Alle hier verwendeten Namen, Begriffe, Zeichen und Grafiken k\u00f6nnen Marken- oder Warenzeichen im Besitze ihrer rechtlichen Eigent\u00fcmer sein. Die Rechte aller erw\u00e4hnten und benutzten Marken- und Warenzeichen liegen ausschlie\u00dflich bei deren Besitzern.<\/p>\n\n\n\n<div class=\"wp-block-columns is-layout-flex wp-container-core-columns-is-layout-28f84493 wp-block-columns-is-layout-flex\">\n<div class=\"wp-block-column is-layout-flow wp-block-column-is-layout-flow\">\n<p>Bildquellen und Lizenz:<\/p>\n<\/div>\n\n\n\n<div class=\"wp-block-column is-layout-flow wp-block-column-is-layout-flow\"><\/div>\n\n\n\n<div class=\"wp-block-column is-layout-flow wp-block-column-is-layout-flow\"><\/div>\n<\/div>\n\n\n\n<div class=\"wp-block-columns is-not-stacked-on-mobile is-layout-flex wp-container-core-columns-is-layout-28f84493 wp-block-columns-is-layout-flex\">\n<div class=\"wp-block-column is-layout-flow wp-block-column-is-layout-flow\" style=\"flex-basis:22%\">\n<p style=\"font-style:normal;font-weight:500\">Bild:<\/p>\n\n\n\n<p>Auge<\/p>\n\n\n\n<p>Tabletten<\/p>\n\n\n\n<p>Pflaster<\/p>\n\n\n\n<p>Telefon<\/p>\n\n\n\n<p>Doctor<\/p>\n\n\n\n<p>Schwester<\/p>\n\n\n\n<p>Cannabis<\/p>\n<\/div>\n\n\n\n<div class=\"wp-block-column is-layout-flow wp-block-column-is-layout-flow\" style=\"padding-right:var(--wp--preset--spacing--10);padding-left:var(--wp--preset--spacing--10);flex-basis:28%\">\n<p class=\"has-text-align-center\" style=\"font-style:normal;font-weight:500\">Quelle:<\/p>\n\n\n\n<p>pixabay.com<\/p>\n\n\n\n<p>pixabay.com<\/p>\n\n\n\n<p>pixabay.com<\/p>\n\n\n\n<p>pixabay.com<\/p>\n\n\n\n<p>pixabay.com<\/p>\n\n\n\n<p>pixabay.com<\/p>\n\n\n\n<p>pixabay.com<\/p>\n<\/div>\n\n\n\n<div class=\"wp-block-column is-layout-flow wp-block-column-is-layout-flow\">\n<p class=\"has-text-align-left\" style=\"font-style:normal;font-weight:500\">Autor:<\/p>\n\n\n\n<p><a href=\"https:\/\/pixabay.com\/de\/users\/myshoun-11748683\/\" target=\"_blank\" rel=\"noreferrer noopener\">myshoun<\/a><\/p>\n\n\n\n<p><a href=\"https:\/\/pixabay.com\/de\/users\/vacho-5445136\/\" target=\"_blank\" rel=\"noreferrer noopener\">Vacho<\/a><\/p>\n\n\n\n<p><a href=\"https:\/\/pixabay.com\/de\/users\/elasticcomputefarm-1865639\/\" target=\"_blank\" rel=\"noreferrer noopener\">ElasticComputeFarm<\/a><\/p>\n\n\n\n<p><a href=\"https:\/\/pixabay.com\/de\/users\/clker-free-vector-images-3736\/\" target=\"_blank\" rel=\"noreferrer noopener\">Clker-Free-Vector-Images<\/a><\/p>\n\n\n\n<p><a href=\"https:\/\/pixabay.com\/de\/users\/peggy_marco-1553824\/\">Peggy_Marco<\/a><\/p>\n\n\n\n<p><a href=\"https:\/\/pixabay.com\/de\/users\/elisariva-1348268\/\">ElisaRiva<\/a><\/p>\n\n\n\n<p><a href=\"https:\/\/pixabay.com\/de\/users\/clker-free-vector-images-3736\/\">Clker-Free-Vector-Images<\/a><\/p>\n<\/div>\n<\/div>\n\n\n\n<p style=\"margin-top:var(--wp--preset--spacing--10);margin-bottom:var(--wp--preset--spacing--10)\">Lizenz: kostenlose Nutzung unter der Pixabay-<a href=\"https:\/\/pixabay.com\/de\/service\/license-summary\/\" target=\"_blank\" rel=\"noreferrer noopener\">Inhaltslizenz<\/a><\/p>\n\n\n\n<div style=\"height:50px\" aria-hidden=\"true\" class=\"wp-block-spacer\"><\/div>\n\n\n\n<h2 class=\"wp-block-heading\"><strong>Haftungsausschlu\u00df, externe Links<\/strong><\/h2>\n\n\n\n<p>Der Autor dieses Webauftrittes distanziert sich ausdr\u00fccklich von Inhalten extern verlinkter Seiten, da f\u00fcr deren Inhalt ausschliesslich der jeweilige Betreiber verantwortlich ist. Deshalb wird keinerlei Haftung f\u00fcr den Besuch solcher Links \u00fcbernommen, zum Zeitpunkt der Verlinkung waren keine Rechtsverst\u00f6sse erkennbar, sobald wir von einem solchem Rechtsverstoss Erkenntnis erlangen, wird der betroffene Link umgehend entfernt.<br><br>F\u00fcr Daten, Informationen u.\u00e4. Angaben auf diesen Seiten wird weder Garantie f\u00fcr Richtigkeit, Vollst\u00e4ndigkeit, Aktualit\u00e4t noch Haftung jeglicher Art \u00fcbernommen.&nbsp;<\/p>\n\n\n\n<div style=\"height:50px\" aria-hidden=\"true\" class=\"wp-block-spacer\"><\/div>\n\n\n\n<h2 class=\"wp-block-heading\"><strong>Informationen nach dem Verbraucherstreitbeilegungsgesetz<\/strong><\/h2>\n\n\n\n<p>Wir sind nicht verpflichtet an Streitbeilegungsverfahren vor einer Verbraucherschlichtungsstelle im Sinne des Verbraucherstreitbeilegungsgesetzes teilzunehmen.<\/p>\n\n\n\n<div style=\"height:50px\" aria-hidden=\"true\" class=\"wp-block-spacer\"><\/div>\n\n\n\n<h2 class=\"wp-block-heading\"><strong>Danke<\/strong><\/h2>\n\n\n\n<p>An alle unsere Patienten, die uns die Treue halten!<\/p>\n\n\n\n<hr class=\"wp-block-separator has-alpha-channel-opacity is-style-dots\" style=\"margin-top:var(--wp--preset--spacing--30);margin-bottom:var(--wp--preset--spacing--30)\"\/>\n\n\n<nav class=\"wp-block-navigation is-layout-flex wp-block-navigation-is-layout-flex\" aria-label=\"Footer-Navigation Startseite\"><ul class=\"wp-block-navigation__container  wp-block-navigation\"><li class=\" wp-block-navigation-item is-style-arrow-link wp-block-navigation-link has-small-font-size\"><a class=\"wp-block-navigation-item__content\"  href=\"https:\/\/www.augenarzt-geithain.de\" title=\"zur Startseite\"><span class=\"wp-block-navigation-item__label\">Startseite<\/span><\/a><\/li><\/ul><\/nav>","protected":false},"excerpt":{"rendered":"<p>Wer wir sind Privatpraxis f\u00fcr AugenheilkundeChristoph M\u00fcnzenberg &amp; TeamRobert-Koch-Str. 804643 GeithainTel. 034341-41405Fax. 034341-41410info[at]augenarzt-geithain.de Berufsbezeichnung: Christoph M\u00fcnzenberg, Facharzt f\u00fcr AugenheilkundeDie Berufsbezeichnung wurde in Deutschland verliehen. Zust\u00e4ndige Kammer und Aufsichtsbeh\u00f6rde:&nbsp;S\u00e4chsische Landes\u00e4rztekammer, Sch\u00fctzenh\u00f6he 16, 01099 Dresden; Telefon 0351 8267-0, Fax 0351 8267-412Berufsordnung:&nbsp;Berufsordnung der S\u00e4chsischen Landes\u00e4rztekammerSteuernummer: 238\/251\/10259 Finanzamt Grimma inhaltlich Verantwortlicher gem\u00e4\u00df \u00a7 55 Abs. 2 RStV: Christoph M\u00fcnzenberg [&hellip;]<\/p>\n","protected":false},"author":2,"featured_media":0,"parent":0,"menu_order":0,"comment_status":"closed","ping_status":"closed","template":"","meta":{"footnotes":""},"class_list":["post-3","page","type-page","status-publish","hentry"],"_links":{"self":[{"href":"https:\/\/www.augenarzt-geithain.de\/site\/index.php?rest_route=\/wp\/v2\/pages\/3","targetHints":{"allow":["GET"]}}],"collection":[{"href":"https:\/\/www.augenarzt-geithain.de\/site\/index.php?rest_route=\/wp\/v2\/pages"}],"about":[{"href":"https:\/\/www.augenarzt-geithain.de\/site\/index.php?rest_route=\/wp\/v2\/types\/page"}],"author":[{"embeddable":true,"href":"https:\/\/www.augenarzt-geithain.de\/site\/index.php?rest_route=\/wp\/v2\/users\/2"}],"replies":[{"embeddable":true,"href":"https:\/\/www.augenarzt-geithain.de\/site\/index.php?rest_route=%2Fwp%2Fv2%2Fcomments&post=3"}],"version-history":[{"count":53,"href":"https:\/\/www.augenarzt-geithain.de\/site\/index.php?rest_route=\/wp\/v2\/pages\/3\/revisions"}],"predecessor-version":[{"id":1099,"href":"https:\/\/www.augenarzt-geithain.de\/site\/index.php?rest_route=\/wp\/v2\/pages\/3\/revisions\/1099"}],"wp:attachment":[{"href":"https:\/\/www.augenarzt-geithain.de\/site\/index.php?rest_route=%2Fwp%2Fv2%2Fmedia&parent=3"}],"curies":[{"name":"wp","href":"https:\/\/api.w.org\/{rel}","templated":true}]}}